{"id":1816,"date":"2025-03-11T15:47:59","date_gmt":"2025-03-11T15:47:59","guid":{"rendered":"https:\/\/www.palacetevillamagna.com\/selecciona-habitacion\/"},"modified":"2026-01-23T14:04:42","modified_gmt":"2026-01-23T14:04:42","slug":"selecciona-habitacion","status":"publish","type":"page","link":"https:\/\/www.palacetevillamagna.com\/es\/selecciona-habitacion\/","title":{"rendered":"Selecciona Habitaci\u00f3n"},"content":{"rendered":"\t\t<div data-elementor-type=\"wp-page\" data-elementor-id=\"1816\" class=\"elementor elementor-1816 elementor-1807\" data-elementor-post-type=\"page\">\n\t\t\t\t<div class=\"elementor-element elementor-element-f98e1fe e-con-full e-flex e-con e-parent\" data-id=\"f98e1fe\" data-element_type=\"container\" data-e-type=\"container\" data-settings=\"{&quot;jet_parallax_layout_list&quot;:[],&quot;background_background&quot;:&quot;classic&quot;}\">\n\t\t\t\t<\/div>\n\t\t<div class=\"elementor-element elementor-element-1bb15a3 elementor-hidden-tablet e-flex e-con-boxed e-con e-parent\" data-id=\"1bb15a3\" data-element_type=\"container\" data-e-type=\"container\" data-settings=\"{&quot;background_background&quot;:&quot;classic&quot;,&quot;jet_parallax_layout_list&quot;:[]}\">\n\t\t\t\t\t<div class=\"e-con-inner\">\n\t\t<div class=\"elementor-element elementor-element-433c168 e-con-full e-flex e-con e-child\" data-id=\"433c168\" data-element_type=\"container\" data-e-type=\"container\" data-settings=\"{&quot;background_background&quot;:&quot;classic&quot;,&quot;jet_parallax_layout_list&quot;:[]}\">\n\t\t\t\t<div class=\"elementor-element elementor-element-6afc818 elementor-widget elementor-widget-text-editor\" data-id=\"6afc818\" data-element_type=\"widget\" data-e-type=\"widget\" data-widget_type=\"text-editor.default\">\n\t\t\t\t<div class=\"elementor-widget-container\">\n\t\t\t\t\t\t\t\t\t<p>Echa un vistazo a nuestros tipos de habitaciones y env\u00edanos tu solicitud de disponibilidad.<\/p>\t\t\t\t\t\t\t\t<\/div>\n\t\t\t\t<\/div>\n\t\t\t\t<div class=\"elementor-element elementor-element-3ab9f6f elementor-widget elementor-widget-jet-listing-grid\" data-id=\"3ab9f6f\" data-element_type=\"widget\" data-e-type=\"widget\" data-settings=\"{&quot;columns&quot;:&quot;1&quot;}\" data-widget_type=\"jet-listing-grid.default\">\n\t\t\t\t<div class=\"elementor-widget-container\">\n\t\t\t\t\t<div class=\"jet-listing-grid jet-listing\"><div class=\"jet-listing-grid__items grid-col-desk-1 grid-col-tablet-1 grid-col-mobile-1 jet-listing-grid--502\" data-queried-id=\"1816|WP_Post\" data-nav=\"{&quot;enabled&quot;:false,&quot;type&quot;:null,&quot;more_el&quot;:null,&quot;query&quot;:[],&quot;widget_settings&quot;:{&quot;lisitng_id&quot;:502,&quot;posts_num&quot;:6,&quot;columns&quot;:1,&quot;columns_tablet&quot;:1,&quot;columns_mobile&quot;:1,&quot;column_min_width&quot;:240,&quot;column_min_width_tablet&quot;:240,&quot;column_min_width_mobile&quot;:240,&quot;inline_columns_css&quot;:false,&quot;is_archive_template&quot;:&quot;&quot;,&quot;post_status&quot;:[&quot;publish&quot;],&quot;use_random_posts_num&quot;:&quot;&quot;,&quot;max_posts_num&quot;:9,&quot;not_found_message&quot;:&quot;No se han encontrado datos&quot;,&quot;is_masonry&quot;:false,&quot;equal_columns_height&quot;:&quot;&quot;,&quot;use_load_more&quot;:&quot;&quot;,&quot;load_more_id&quot;:&quot;&quot;,&quot;load_more_type&quot;:&quot;click&quot;,&quot;load_more_offset&quot;:{&quot;unit&quot;:&quot;px&quot;,&quot;size&quot;:0,&quot;sizes&quot;:[]},&quot;use_custom_post_types&quot;:&quot;yes&quot;,&quot;custom_post_types&quot;:[&quot;rooms&quot;],&quot;hide_widget_if&quot;:&quot;&quot;,&quot;carousel_enabled&quot;:&quot;&quot;,&quot;slides_to_scroll&quot;:&quot;1&quot;,&quot;arrows&quot;:&quot;true&quot;,&quot;arrow_icon&quot;:&quot;fa fa-angle-left&quot;,&quot;dots&quot;:&quot;&quot;,&quot;autoplay&quot;:&quot;true&quot;,&quot;pause_on_hover&quot;:&quot;true&quot;,&quot;autoplay_speed&quot;:5000,&quot;infinite&quot;:&quot;true&quot;,&quot;center_mode&quot;:&quot;&quot;,&quot;effect&quot;:&quot;slide&quot;,&quot;speed&quot;:500,&quot;inject_alternative_items&quot;:&quot;&quot;,&quot;injection_items&quot;:[],&quot;scroll_slider_enabled&quot;:&quot;&quot;,&quot;scroll_slider_on&quot;:[&quot;desktop&quot;,&quot;tablet&quot;,&quot;mobile&quot;],&quot;custom_query&quot;:false,&quot;custom_query_id&quot;:&quot;&quot;,&quot;_element_id&quot;:&quot;&quot;,&quot;collapse_first_last_gap&quot;:false,&quot;list_tag_selection&quot;:&quot;&quot;,&quot;list_items_wrapper_tag&quot;:&quot;div&quot;,&quot;list_item_tag&quot;:&quot;div&quot;,&quot;empty_items_wrapper_tag&quot;:&quot;div&quot;}}\" data-page=\"1\" data-pages=\"1\" data-listing-source=\"posts\" data-listing-id=\"502\" data-query-id=\"\"><div class=\"jet-listing-grid__item jet-listing-dynamic-post-1709\" data-post-id=\"1709\"  >\t\t<div data-elementor-type=\"jet-listing-items\" data-elementor-id=\"1717\" class=\"elementor elementor-1717 elementor-502 elementor-502\" data-elementor-post-type=\"jet-engine\">\n\t\t\t\t<div class=\"elementor-element elementor-element-7f4a9e3 elementor-hidden-tablet elementor-hidden-mobile e-flex e-con-boxed e-con e-parent\" data-id=\"7f4a9e3\" data-element_type=\"container\" data-e-type=\"container\" data-settings=\"{&quot;jet_parallax_layout_list&quot;:[]}\">\n\t\t\t\t\t<div class=\"e-con-inner\">\n\t\t<div class=\"elementor-element elementor-element-beb9cf4 e-con-full e-flex e-con e-child\" data-id=\"beb9cf4\" data-element_type=\"container\" data-e-type=\"container\" data-settings=\"{&quot;jet_parallax_layout_list&quot;:[],&quot;background_background&quot;:&quot;classic&quot;}\">\n\t\t\t\t<div class=\"elementor-element elementor-element-52deb00 elementor-widget elementor-widget-jet-listing-dynamic-image\" data-id=\"52deb00\" data-element_type=\"widget\" data-e-type=\"widget\" data-widget_type=\"jet-listing-dynamic-image.default\">\n\t\t\t\t<div class=\"elementor-widget-container\">\n\t\t\t\t\t<div class=\"jet-listing jet-listing-dynamic-image\" ><img fetchpriority=\"high\" decoding=\"async\" width=\"600\" height=\"600\" src=\"https:\/\/www.palacetevillamagna.com\/wp-content\/uploads\/VillaMagna_Room_Double-2-600x600.jpg\" class=\"jet-listing-dynamic-image__img attachment-medium size-medium wp-post-image\" alt=\"VillaMagna_Room_Double-2\" srcset=\"https:\/\/www.palacetevillamagna.com\/wp-content\/uploads\/VillaMagna_Room_Double-2-600x600.jpg 600w, https:\/\/www.palacetevillamagna.com\/wp-content\/uploads\/VillaMagna_Room_Double-2-300x300.jpg 300w, https:\/\/www.palacetevillamagna.com\/wp-content\/uploads\/VillaMagna_Room_Double-2-768x768.jpg 768w, https:\/\/www.palacetevillamagna.com\/wp-content\/uploads\/VillaMagna_Room_Double-2.jpg 1000w\" sizes=\"(max-width: 600px) 100vw, 600px\" loading=\"eager\" \/><\/div>\t\t\t\t<\/div>\n\t\t\t\t<\/div>\n\t\t\t\t<div class=\"elementor-element elementor-element-bfc2d3f elementor-arrows-position-inside elementor-pagination-position-outside elementor-widget elementor-widget-image-carousel\" data-id=\"bfc2d3f\" data-element_type=\"widget\" data-e-type=\"widget\" data-settings=\"{&quot;navigation&quot;:&quot;both&quot;,&quot;autoplay&quot;:&quot;yes&quot;,&quot;pause_on_hover&quot;:&quot;yes&quot;,&quot;pause_on_interaction&quot;:&quot;yes&quot;,&quot;autoplay_speed&quot;:5000,&quot;infinite&quot;:&quot;yes&quot;,&quot;speed&quot;:500}\" data-widget_type=\"image-carousel.default\">\n\t\t\t\t<div class=\"elementor-widget-container\">\n\t\t\t\t\t\t\t<div class=\"elementor-image-carousel-wrapper swiper\" role=\"region\" aria-roledescription=\"carousel\" aria-label=\"Image Carousel\" dir=\"ltr\">\n\t\t\t<div class=\"elementor-image-carousel swiper-wrapper\" aria-live=\"off\">\n\t\t\t\t\t\t\t\t<div class=\"swiper-slide\" role=\"group\" aria-roledescription=\"slide\" aria-label=\"1 de 5\"><figure class=\"swiper-slide-inner\"><img decoding=\"async\" class=\"swiper-slide-image\" src=\"https:\/\/www.palacetevillamagna.com\/wp-content\/uploads\/VillaMagna_Room_Single-1-300x300.jpg\" alt=\"VillaMagna_Room_Single-1\" \/><\/figure><\/div><div class=\"swiper-slide\" role=\"group\" aria-roledescription=\"slide\" aria-label=\"2 de 5\"><figure class=\"swiper-slide-inner\"><img decoding=\"async\" class=\"swiper-slide-image\" src=\"https:\/\/www.palacetevillamagna.com\/wp-content\/uploads\/VillaMagna_Room_Single-2-300x300.jpg\" alt=\"VillaMagna_Room_Single-2\" \/><\/figure><\/div><div class=\"swiper-slide\" role=\"group\" aria-roledescription=\"slide\" aria-label=\"3 de 5\"><figure class=\"swiper-slide-inner\"><img decoding=\"async\" class=\"swiper-slide-image\" src=\"https:\/\/www.palacetevillamagna.com\/wp-content\/uploads\/VillaMagna_Room_Single-3-300x300.jpg\" alt=\"VillaMagna_Room_Single-3\" \/><\/figure><\/div><div class=\"swiper-slide\" role=\"group\" aria-roledescription=\"slide\" aria-label=\"4 de 5\"><figure class=\"swiper-slide-inner\"><img decoding=\"async\" class=\"swiper-slide-image\" src=\"https:\/\/www.palacetevillamagna.com\/wp-content\/uploads\/VillaMagna_Room_Single-4-300x300.jpg\" alt=\"VillaMagna_Room_Single-4\" \/><\/figure><\/div><div class=\"swiper-slide\" role=\"group\" aria-roledescription=\"slide\" aria-label=\"5 de 5\"><figure class=\"swiper-slide-inner\"><img decoding=\"async\" class=\"swiper-slide-image\" src=\"https:\/\/www.palacetevillamagna.com\/wp-content\/uploads\/VillaMagna_Room_Single-5-300x300.jpg\" alt=\"VillaMagna_Room_Single-5\" \/><\/figure><\/div>\t\t\t<\/div>\n\t\t\t\t\t\t\t\t\t\t\t\t<div class=\"elementor-swiper-button elementor-swiper-button-prev\" role=\"button\" tabindex=\"0\">\n\t\t\t\t\t\t<i aria-hidden=\"true\" class=\"eicon-chevron-left\"><\/i>\t\t\t\t\t<\/div>\n\t\t\t\t\t<div class=\"elementor-swiper-button elementor-swiper-button-next\" role=\"button\" tabindex=\"0\">\n\t\t\t\t\t\t<i aria-hidden=\"true\" class=\"eicon-chevron-right\"><\/i>\t\t\t\t\t<\/div>\n\t\t\t\t\n\t\t\t\t\t\t\t\t\t<div class=\"swiper-pagination\"><\/div>\n\t\t\t\t\t\t\t\t\t<\/div>\n\t\t\t\t\t\t<\/div>\n\t\t\t\t<\/div>\n\t\t\t\t<\/div>\n\t\t<div class=\"elementor-element elementor-element-4861022 e-con-full e-flex e-con e-child\" data-id=\"4861022\" data-element_type=\"container\" data-e-type=\"container\" data-settings=\"{&quot;jet_parallax_layout_list&quot;:[]}\">\n\t\t\t\t<div class=\"elementor-element elementor-element-f3f32eb elementor-widget elementor-widget-heading\" data-id=\"f3f32eb\" data-element_type=\"widget\" data-e-type=\"widget\" data-widget_type=\"heading.default\">\n\t\t\t\t<div class=\"elementor-widget-container\">\n\t\t\t\t\t<h2 class=\"elementor-heading-title elementor-size-default\">Habitaci\u00f3n Superior<\/h2>\t\t\t\t<\/div>\n\t\t\t\t<\/div>\n\t\t\t\t<div class=\"elementor-element elementor-element-1788d37 elementor-widget elementor-widget-jet-listing-dynamic-field\" data-id=\"1788d37\" data-element_type=\"widget\" data-e-type=\"widget\" data-widget_type=\"jet-listing-dynamic-field.default\">\n\t\t\t\t<div class=\"elementor-widget-container\">\n\t\t\t\t\t<div class=\"jet-listing jet-listing-dynamic-field display-inline\"><div class=\"jet-listing-dynamic-field__inline-wrap\"><div class=\"jet-listing-dynamic-field__content\" ><p class=\"p1\">Nuestra <span class=\"s1\">Habitaci\u00f3n Superior<\/span> est\u00e1 dise\u00f1ada para ofrecer un refugio moderno y elegante, perfecto para un m\u00e1ximo de dos adultos <span class=\"s1\">(no se admiten ni\u00f1os)<\/span>. Recientemente renovada, cuenta con <span class=\"s1\">un cuarto de ba\u00f1o privado, un dormitorio independiente, una elegante sala de estar y un balc\u00f3n<\/span> equipado con una mesa y sillas para disfrutar de una relajante experiencia al aire libre. <\/p>\n<p class=\"p1\">Los hu\u00e9spedes pueden elegir <span class=\"s1\">entre una cama doble o dos camas individuales<\/span>, lo que garantiza una estancia adaptada a su comodidad. Disfrute de un ambiente sereno con todas las comodidades necesarias para una experiencia memorable y reparadora. <\/p>\n<p class=\"p1\">Nuestras habitaciones superiores est\u00e1n equipadas con:<\/p>\n<\/div><\/div><\/div>\t\t\t\t<\/div>\n\t\t\t\t<\/div>\n\t\t\t\t<div class=\"elementor-element elementor-element-a359b31 elementor-widget elementor-widget-jet-listing-dynamic-field\" data-id=\"a359b31\" data-element_type=\"widget\" data-e-type=\"widget\" data-widget_type=\"jet-listing-dynamic-field.default\">\n\t\t\t\t<div class=\"elementor-widget-container\">\n\t\t\t\t\t<div class=\"jet-listing jet-listing-dynamic-field display-inline\"><div class=\"jet-listing-dynamic-field__inline-wrap\"><div class=\"jet-listing-dynamic-field__content\" ><div class=\"jet-check-list jet-check-list--columns-2\"><div class=\"jet-check-list__item\"><i class=\"jet-listing-dynamic-field__icon fas fa-check\" aria-hidden=\"true\"><\/i><div class=\"jet-check-list__item-content\">Television<\/div><\/div><div class=\"jet-check-list__item\"><i class=\"jet-listing-dynamic-field__icon fas fa-check\" aria-hidden=\"true\"><\/i><div class=\"jet-check-list__item-content\">Air conditioning<\/div><\/div><div class=\"jet-check-list__item\"><i class=\"jet-listing-dynamic-field__icon fas fa-check\" aria-hidden=\"true\"><\/i><div class=\"jet-check-list__item-content\">Heating<\/div><\/div><div class=\"jet-check-list__item\"><i class=\"jet-listing-dynamic-field__icon fas fa-check\" aria-hidden=\"true\"><\/i><div class=\"jet-check-list__item-content\">Kitchen<\/div><\/div><div class=\"jet-check-list__item\"><i class=\"jet-listing-dynamic-field__icon fas fa-check\" aria-hidden=\"true\"><\/i><div class=\"jet-check-list__item-content\">Hair dryer<\/div><\/div><div class=\"jet-check-list__item\"><i class=\"jet-listing-dynamic-field__icon fas fa-check\" aria-hidden=\"true\"><\/i><div class=\"jet-check-list__item-content\">Safe<\/div><\/div><div class=\"jet-check-list__item\"><i class=\"jet-listing-dynamic-field__icon fas fa-check\" aria-hidden=\"true\"><\/i><div class=\"jet-check-list__item-content\">Free WiFi<\/div><\/div><div class=\"jet-check-list__item\"><i class=\"jet-listing-dynamic-field__icon fas fa-check\" aria-hidden=\"true\"><\/i><div class=\"jet-check-list__item-content\">Balcony<\/div><\/div><\/div><\/div><\/div><\/div>\t\t\t\t<\/div>\n\t\t\t\t<\/div>\n\t\t\t\t<div class=\"elementor-element elementor-element-57bff13 elementor-widget elementor-widget-button\" data-id=\"57bff13\" data-element_type=\"widget\" data-e-type=\"widget\" data-widget_type=\"button.default\">\n\t\t\t\t<div class=\"elementor-widget-container\">\n\t\t\t\t\t\t\t\t\t<div class=\"elementor-button-wrapper\">\n\t\t\t\t\t<a class=\"elementor-button elementor-button-link elementor-size-sm\" href=\"https:\/\/www.palacetevillamagna.com\/es\/rooms\/habitacion-superior\/\">\n\t\t\t\t\t\t<span class=\"elementor-button-content-wrapper\">\n\t\t\t\t\t\t\t\t\t<span class=\"elementor-button-text\">Comprobar disponibilidad<\/span>\n\t\t\t\t\t<\/span>\n\t\t\t\t\t<\/a>\n\t\t\t\t<\/div>\n\t\t\t\t\t\t\t\t<\/div>\n\t\t\t\t<\/div>\n\t\t\t\t<\/div>\n\t\t\t\t\t<\/div>\n\t\t\t\t<\/div>\n\t\t<div class=\"elementor-element elementor-element-25fef64 e-con-full elementor-hidden-desktop e-flex e-con e-parent\" data-id=\"25fef64\" data-element_type=\"container\" data-e-type=\"container\" data-settings=\"{&quot;jet_parallax_layout_list&quot;:[]}\">\n\t\t<div class=\"elementor-element elementor-element-bc68265 e-con-full e-flex e-con e-child\" data-id=\"bc68265\" data-element_type=\"container\" data-e-type=\"container\" data-settings=\"{&quot;jet_parallax_layout_list&quot;:[],&quot;background_background&quot;:&quot;classic&quot;}\">\n\t\t\t\t<div class=\"elementor-element elementor-element-41470d6 elementor-arrows-position-inside elementor-pagination-position-outside elementor-widget elementor-widget-image-carousel\" data-id=\"41470d6\" data-element_type=\"widget\" data-e-type=\"widget\" data-settings=\"{&quot;navigation&quot;:&quot;both&quot;,&quot;autoplay&quot;:&quot;yes&quot;,&quot;pause_on_hover&quot;:&quot;yes&quot;,&quot;pause_on_interaction&quot;:&quot;yes&quot;,&quot;autoplay_speed&quot;:5000,&quot;infinite&quot;:&quot;yes&quot;,&quot;speed&quot;:500}\" data-widget_type=\"image-carousel.default\">\n\t\t\t\t<div class=\"elementor-widget-container\">\n\t\t\t\t\t\t\t<div class=\"elementor-image-carousel-wrapper swiper\" role=\"region\" aria-roledescription=\"carousel\" aria-label=\"Image Carousel\" dir=\"ltr\">\n\t\t\t<div class=\"elementor-image-carousel swiper-wrapper\" aria-live=\"off\">\n\t\t\t\t\t\t\t\t<div class=\"swiper-slide\" role=\"group\" aria-roledescription=\"slide\" aria-label=\"1 de 5\"><figure class=\"swiper-slide-inner\"><img decoding=\"async\" class=\"swiper-slide-image\" src=\"https:\/\/www.palacetevillamagna.com\/wp-content\/uploads\/VillaMagna_Room_Single-1-300x300.jpg\" alt=\"VillaMagna_Room_Single-1\" \/><\/figure><\/div><div class=\"swiper-slide\" role=\"group\" aria-roledescription=\"slide\" aria-label=\"2 de 5\"><figure class=\"swiper-slide-inner\"><img decoding=\"async\" class=\"swiper-slide-image\" src=\"https:\/\/www.palacetevillamagna.com\/wp-content\/uploads\/VillaMagna_Room_Single-2-300x300.jpg\" alt=\"VillaMagna_Room_Single-2\" \/><\/figure><\/div><div class=\"swiper-slide\" role=\"group\" aria-roledescription=\"slide\" aria-label=\"3 de 5\"><figure class=\"swiper-slide-inner\"><img decoding=\"async\" class=\"swiper-slide-image\" src=\"https:\/\/www.palacetevillamagna.com\/wp-content\/uploads\/VillaMagna_Room_Single-3-300x300.jpg\" alt=\"VillaMagna_Room_Single-3\" \/><\/figure><\/div><div class=\"swiper-slide\" role=\"group\" aria-roledescription=\"slide\" aria-label=\"4 de 5\"><figure class=\"swiper-slide-inner\"><img decoding=\"async\" class=\"swiper-slide-image\" src=\"https:\/\/www.palacetevillamagna.com\/wp-content\/uploads\/VillaMagna_Room_Single-4-300x300.jpg\" alt=\"VillaMagna_Room_Single-4\" \/><\/figure><\/div><div class=\"swiper-slide\" role=\"group\" aria-roledescription=\"slide\" aria-label=\"5 de 5\"><figure class=\"swiper-slide-inner\"><img decoding=\"async\" class=\"swiper-slide-image\" src=\"https:\/\/www.palacetevillamagna.com\/wp-content\/uploads\/VillaMagna_Room_Single-5-300x300.jpg\" alt=\"VillaMagna_Room_Single-5\" \/><\/figure><\/div>\t\t\t<\/div>\n\t\t\t\t\t\t\t\t\t\t\t\t<div class=\"elementor-swiper-button elementor-swiper-button-prev\" role=\"button\" tabindex=\"0\">\n\t\t\t\t\t\t<i aria-hidden=\"true\" class=\"eicon-chevron-left\"><\/i>\t\t\t\t\t<\/div>\n\t\t\t\t\t<div class=\"elementor-swiper-button elementor-swiper-button-next\" role=\"button\" tabindex=\"0\">\n\t\t\t\t\t\t<i aria-hidden=\"true\" class=\"eicon-chevron-right\"><\/i>\t\t\t\t\t<\/div>\n\t\t\t\t\n\t\t\t\t\t\t\t\t\t<div class=\"swiper-pagination\"><\/div>\n\t\t\t\t\t\t\t\t\t<\/div>\n\t\t\t\t\t\t<\/div>\n\t\t\t\t<\/div>\n\t\t\t\t<\/div>\n\t\t<div class=\"elementor-element elementor-element-d73a03d e-con-full e-flex e-con e-child\" data-id=\"d73a03d\" data-element_type=\"container\" data-e-type=\"container\" data-settings=\"{&quot;jet_parallax_layout_list&quot;:[]}\">\n\t\t\t\t<div class=\"elementor-element elementor-element-096fa36 elementor-widget elementor-widget-heading\" data-id=\"096fa36\" data-element_type=\"widget\" data-e-type=\"widget\" data-widget_type=\"heading.default\">\n\t\t\t\t<div class=\"elementor-widget-container\">\n\t\t\t\t\t<h2 class=\"elementor-heading-title elementor-size-default\">Habitaci\u00f3n Superior<\/h2>\t\t\t\t<\/div>\n\t\t\t\t<\/div>\n\t\t\t\t<div class=\"elementor-element elementor-element-09154c9 elementor-widget elementor-widget-jet-listing-dynamic-field\" data-id=\"09154c9\" data-element_type=\"widget\" data-e-type=\"widget\" data-widget_type=\"jet-listing-dynamic-field.default\">\n\t\t\t\t<div class=\"elementor-widget-container\">\n\t\t\t\t\t<div class=\"jet-listing jet-listing-dynamic-field display-inline\"><div class=\"jet-listing-dynamic-field__inline-wrap\"><div class=\"jet-listing-dynamic-field__content\" ><p class=\"p1\">Nuestra <span class=\"s1\">Habitaci\u00f3n Superior<\/span> est\u00e1 dise\u00f1ada para ofrecer un refugio moderno y elegante, perfecto para un m\u00e1ximo de dos adultos <span class=\"s1\">(no se admiten ni\u00f1os)<\/span>. Recientemente renovada, cuenta con <span class=\"s1\">un cuarto de ba\u00f1o privado, un dormitorio independiente, una elegante sala de estar y un balc\u00f3n<\/span> equipado con una mesa y sillas para disfrutar de una relajante experiencia al aire libre. <\/p>\n<p class=\"p1\">Los hu\u00e9spedes pueden elegir <span class=\"s1\">entre una cama doble o dos camas individuales<\/span>, lo que garantiza una estancia adaptada a su comodidad. Disfrute de un ambiente sereno con todas las comodidades necesarias para una experiencia memorable y reparadora. <\/p>\n<p class=\"p1\">Nuestras habitaciones superiores est\u00e1n equipadas con:<\/p>\n<\/div><\/div><\/div>\t\t\t\t<\/div>\n\t\t\t\t<\/div>\n\t\t\t\t<div class=\"elementor-element elementor-element-a0d3768 elementor-widget elementor-widget-jet-listing-dynamic-field\" data-id=\"a0d3768\" data-element_type=\"widget\" data-e-type=\"widget\" data-widget_type=\"jet-listing-dynamic-field.default\">\n\t\t\t\t<div class=\"elementor-widget-container\">\n\t\t\t\t\t<div class=\"jet-listing jet-listing-dynamic-field display-inline\"><div class=\"jet-listing-dynamic-field__inline-wrap\"><div class=\"jet-listing-dynamic-field__content\" ><div class=\"jet-check-list jet-check-list--columns-1\"><div class=\"jet-check-list__item\"><i class=\"jet-listing-dynamic-field__icon fas fa-check\" aria-hidden=\"true\"><\/i><div class=\"jet-check-list__item-content\">Television<\/div><\/div><div class=\"jet-check-list__item\"><i class=\"jet-listing-dynamic-field__icon fas fa-check\" aria-hidden=\"true\"><\/i><div class=\"jet-check-list__item-content\">Air conditioning<\/div><\/div><div class=\"jet-check-list__item\"><i class=\"jet-listing-dynamic-field__icon fas fa-check\" aria-hidden=\"true\"><\/i><div class=\"jet-check-list__item-content\">Heating<\/div><\/div><div class=\"jet-check-list__item\"><i class=\"jet-listing-dynamic-field__icon fas fa-check\" aria-hidden=\"true\"><\/i><div class=\"jet-check-list__item-content\">Kitchen<\/div><\/div><div class=\"jet-check-list__item\"><i class=\"jet-listing-dynamic-field__icon fas fa-check\" aria-hidden=\"true\"><\/i><div class=\"jet-check-list__item-content\">Hair dryer<\/div><\/div><div class=\"jet-check-list__item\"><i class=\"jet-listing-dynamic-field__icon fas fa-check\" aria-hidden=\"true\"><\/i><div class=\"jet-check-list__item-content\">Safe<\/div><\/div><div class=\"jet-check-list__item\"><i class=\"jet-listing-dynamic-field__icon fas fa-check\" aria-hidden=\"true\"><\/i><div class=\"jet-check-list__item-content\">Free WiFi<\/div><\/div><div class=\"jet-check-list__item\"><i class=\"jet-listing-dynamic-field__icon fas fa-check\" aria-hidden=\"true\"><\/i><div class=\"jet-check-list__item-content\">Balcony<\/div><\/div><\/div><\/div><\/div><\/div>\t\t\t\t<\/div>\n\t\t\t\t<\/div>\n\t\t\t\t<div class=\"elementor-element elementor-element-1d1246d elementor-widget elementor-widget-button\" data-id=\"1d1246d\" data-element_type=\"widget\" data-e-type=\"widget\" data-widget_type=\"button.default\">\n\t\t\t\t<div class=\"elementor-widget-container\">\n\t\t\t\t\t\t\t\t\t<div class=\"elementor-button-wrapper\">\n\t\t\t\t\t<a class=\"elementor-button elementor-button-link elementor-size-sm\" href=\"https:\/\/www.palacetevillamagna.com\/es\/rooms\/habitacion-superior\/\">\n\t\t\t\t\t\t<span class=\"elementor-button-content-wrapper\">\n\t\t\t\t\t\t\t\t\t<span class=\"elementor-button-text\">Haz tu reserva<\/span>\n\t\t\t\t\t<\/span>\n\t\t\t\t\t<\/a>\n\t\t\t\t<\/div>\n\t\t\t\t\t\t\t\t<\/div>\n\t\t\t\t<\/div>\n\t\t\t\t<\/div>\n\t\t\t\t<\/div>\n\t\t\t\t<\/div>\n\t\t<\/div><\/div><\/div>\t\t\t\t<\/div>\n\t\t\t\t<\/div>\n\t\t\t\t<\/div>\n\t\t\t\t\t<\/div>\n\t\t\t\t<\/div>\n\t\t\t\t<\/div>\n\t\t","protected":false},"excerpt":{"rendered":"<p>Echa un vistazo a nuestros tipos de habitaciones y env\u00edanos tu solicitud de disponibilidad. Our Superior Room is designed to offer a modern and elegant retreat, perfect for up to two adults (children are not allowed). Recently renovated, it features a private bathroom, a separate bedroom, a stylish living area, and a balconyequipped with a [&hellip;]<\/p>\n","protected":false},"author":2,"featured_media":0,"parent":0,"menu_order":0,"comment_status":"closed","ping_status":"closed","template":"elementor_header_footer","meta":{"footnotes":""},"class_list":["post-1816","page","type-page","status-publish","hentry"],"_links":{"self":[{"href":"https:\/\/www.palacetevillamagna.com\/es\/wp-json\/wp\/v2\/pages\/1816","targetHints":{"allow":["GET"]}}],"collection":[{"href":"https:\/\/www.palacetevillamagna.com\/es\/wp-json\/wp\/v2\/pages"}],"about":[{"href":"https:\/\/www.palacetevillamagna.com\/es\/wp-json\/wp\/v2\/types\/page"}],"author":[{"embeddable":true,"href":"https:\/\/www.palacetevillamagna.com\/es\/wp-json\/wp\/v2\/users\/2"}],"replies":[{"embeddable":true,"href":"https:\/\/www.palacetevillamagna.com\/es\/wp-json\/wp\/v2\/comments?post=1816"}],"version-history":[{"count":2,"href":"https:\/\/www.palacetevillamagna.com\/es\/wp-json\/wp\/v2\/pages\/1816\/revisions"}],"predecessor-version":[{"id":2236,"href":"https:\/\/www.palacetevillamagna.com\/es\/wp-json\/wp\/v2\/pages\/1816\/revisions\/2236"}],"wp:attachment":[{"href":"https:\/\/www.palacetevillamagna.com\/es\/wp-json\/wp\/v2\/media?parent=1816"}],"curies":[{"name":"wp","href":"https:\/\/api.w.org\/{rel}","templated":true}]}}